{"id":10,"date":"2025-12-08T10:50:19","date_gmt":"2025-12-08T10:50:19","guid":{"rendered":"https:\/\/cairepro.it\/chi-siamo\/"},"modified":"2026-04-30T16:11:17","modified_gmt":"2026-04-30T16:11:17","slug":"storia","status":"publish","type":"page","link":"https:\/\/www.cairepro.it\/en\/storia\/","title":{"rendered":"Storia"},"content":{"rendered":"<section class=\"page-intro page-intro--storia container\">\n  <div class=\"page-intro__wrap\">\n    <h1 class=\"page-intro__title title\">Storia<\/h1>\n    <h2 class=\"page-intro__subtitle subtitle\">Un racconto fatto di progetti, luoghi e persone, in cui le esperienze maturate diventano il punto di partenza per nuove visioni e soluzioni.<\/h2>\n  <\/div>\n<\/section>\n\n\n<div class=\"stories-nav\">\n  <div class=\"stories-nav__items\">\n          <button class=\"stories-nav__item is-active\" data-index=\"0\">\n        <span class=\"stories-nav__dot\"><\/span>\n        <span class=\"stories-nav__year\">1947<\/span>\n      <\/button>\n          <button class=\"stories-nav__item\" data-index=\"1\">\n        <span class=\"stories-nav__dot\"><\/span>\n        <span class=\"stories-nav__year\">1952<\/span>\n      <\/button>\n          <button class=\"stories-nav__item\" data-index=\"2\">\n        <span class=\"stories-nav__dot\"><\/span>\n        <span class=\"stories-nav__year\">1961<\/span>\n      <\/button>\n          <button class=\"stories-nav__item\" data-index=\"3\">\n        <span class=\"stories-nav__dot\"><\/span>\n        <span class=\"stories-nav__year\">1962<\/span>\n      <\/button>\n          <button class=\"stories-nav__item\" data-index=\"4\">\n        <span class=\"stories-nav__dot\"><\/span>\n        <span class=\"stories-nav__year\">Anni \u201970<\/span>\n      <\/button>\n          <button class=\"stories-nav__item\" data-index=\"5\">\n        <span class=\"stories-nav__dot\"><\/span>\n        <span class=\"stories-nav__year\">1986<\/span>\n      <\/button>\n          <button class=\"stories-nav__item\" data-index=\"6\">\n        <span class=\"stories-nav__dot\"><\/span>\n        <span class=\"stories-nav__year\">1993<\/span>\n      <\/button>\n          <button class=\"stories-nav__item\" data-index=\"7\">\n        <span class=\"stories-nav__dot\"><\/span>\n        <span class=\"stories-nav__year\">2007<\/span>\n      <\/button>\n          <button class=\"stories-nav__item\" data-index=\"8\">\n        <span class=\"stories-nav__dot\"><\/span>\n        <span class=\"stories-nav__year\">2018<\/span>\n      <\/button>\n          <button class=\"stories-nav__item\" data-index=\"9\">\n        <span class=\"stories-nav__dot\"><\/span>\n        <span class=\"stories-nav__year\">2025<\/span>\n      <\/button>\n          <button class=\"stories-nav__item\" data-index=\"10\">\n        <span class=\"stories-nav__dot\"><\/span>\n        <span class=\"stories-nav__year\">Oggi<\/span>\n      <\/button>\n      <\/div>\n<\/div>\n<section class=\"stories\">\n  <div class=\"container-big\">\n    <div class=\"stories__timeline-dot\"><\/div>\n            <div class=\"stories__item\" data-index=\"0\">\n      <div class=\"stories__left\">\n        <div class=\"stories__img\">\n          <picture><source srcset=\"https:\/\/www.cairepro.it\/wp-content\/uploads\/2026\/02\/stories-1.webp\" type=\"image\/webp\"><img decoding=\"async\" src=\"https:\/\/www.cairepro.it\/wp-content\/uploads\/2026\/02\/stories-1.jpg\" alt=\"stories-1\" \/><\/picture>        <\/div>\n      <\/div>\n      <div class=\"stories__right\">\n        <span class=\"stories__year\">\n          1947        <\/span>\n        <h2 class=\"stories__title\">\n          Le origini di CAIREPRO        <\/h2>\n        <div class=\"stories__text\">\n          <p>Il 28 novembre 1947 un gruppo di giovani laureandi del Politecnico di Milano diede vita a un nuovo modo di progettare: nasceva lo <em>Studio Cooperativo di Costruzioni Civili<\/em>, oggi CAIREPRO, la prima cooperativa di intellettuali in Europa e forse nel mondo.<\/p>\n<p>Un modello basato su competenze che dialogano, decisioni condivise e un forte senso di responsabilit\u00e0 verso le persone e le comunit\u00e0 per cui opera.<\/p>\n        <\/div>\n      <\/div>\n    <\/div>\n            <div class=\"stories__item\" data-index=\"1\">\n      <div class=\"stories__left\">\n        <div class=\"stories__img\">\n          <picture><source srcset=\"https:\/\/www.cairepro.it\/wp-content\/uploads\/2026\/02\/stories-2.webp\" type=\"image\/webp\"><img decoding=\"async\" src=\"https:\/\/www.cairepro.it\/wp-content\/uploads\/2026\/02\/stories-2.jpg\" alt=\"stories-2\" \/><\/picture>        <\/div>\n      <\/div>\n      <div class=\"stories__right\">\n        <span class=\"stories__year\">\n          1952        <\/span>\n        <h2 class=\"stories__title\">\n          Una nuova identit\u00e0        <\/h2>\n        <div class=\"stories__text\">\n          <p>Lo studio evolve e assume il nome di <em>Cooperativa Architetti e Ingegneri di Reggio Emilia<\/em>. Si formalizza ufficialmente il modello di approccio integrato, unendo in un unico DNA le competenze architettoniche e ingegneristiche.<\/p>\n        <\/div>\n      <\/div>\n    <\/div>\n            <div class=\"stories__item\" data-index=\"2\">\n      <div class=\"stories__left\">\n        <div class=\"stories__img\">\n          <picture><source srcset=\"https:\/\/www.cairepro.it\/wp-content\/uploads\/2026\/02\/stories-3.webp\" type=\"image\/webp\"><img decoding=\"async\" src=\"https:\/\/www.cairepro.it\/wp-content\/uploads\/2026\/02\/stories-3.jpg\" alt=\"stories-3\" \/><\/picture>        <\/div>\n      <\/div>\n      <div class=\"stories__right\">\n        <span class=\"stories__year\">\n          1961        <\/span>\n        <h2 class=\"stories__title\">\n          Riconoscimento nazionale        <\/h2>\n        <div class=\"stories__text\">\n          <p>Il progetto dell\u2019Unit\u00e0 di abitazione a Nebbiara (Villaggio Architetti, RE), ottiene il Premio Emilia-Romagna dell\u2019INARCH (Istituto Nazionale di Architettura), affermando lo studio nel panorama nazionale.<\/p>\n        <\/div>\n      <\/div>\n    <\/div>\n            <div class=\"stories__item\" data-index=\"3\">\n      <div class=\"stories__left\">\n        <div class=\"stories__img\">\n          <picture><source srcset=\"https:\/\/www.cairepro.it\/wp-content\/uploads\/2026\/02\/stories-4.webp\" type=\"image\/webp\"><img decoding=\"async\" src=\"https:\/\/www.cairepro.it\/wp-content\/uploads\/2026\/02\/stories-4.jpg\" alt=\"stories-4\" \/><\/picture>        <\/div>\n      <\/div>\n      <div class=\"stories__right\">\n        <span class=\"stories__year\">\n          1962        <\/span>\n        <h2 class=\"stories__title\">\n          Premio per l\u2019architettura        <\/h2>\n        <div class=\"stories__text\">\n          <p>Il valore sociale e qualitativo dei progetti realizzati viene riconosciuto con la Medaglia d\u2019Oro per l\u2019Architettura conferita dalla Provincia di Reggio Emilia.<\/p>\n        <\/div>\n      <\/div>\n    <\/div>\n            <div class=\"stories__item\" data-index=\"4\">\n      <div class=\"stories__left\">\n        <div class=\"stories__img\">\n          <picture><source srcset=\"https:\/\/www.cairepro.it\/wp-content\/uploads\/2026\/02\/stories-5.webp\" type=\"image\/webp\"><img decoding=\"async\" src=\"https:\/\/www.cairepro.it\/wp-content\/uploads\/2026\/02\/stories-5.jpg\" alt=\"stories-5\" \/><\/picture>        <\/div>\n      <\/div>\n      <div class=\"stories__right\">\n        <span class=\"stories__year\">\n          Anni \u201970        <\/span>\n        <h2 class=\"stories__title\">\n          Apertura internazionale        <\/h2>\n        <div class=\"stories__text\">\n          <p>CAIREPRO supera i confini nazionali: avvia grandi progetti ospedalieri e ricettivi in Kenya e Somalia e vince concorsi internazionali di architettura in Turchia, Spagna (Tenerife), Algeria e Marocco.<\/p>\n        <\/div>\n      <\/div>\n    <\/div>\n            <div class=\"stories__item\" data-index=\"5\">\n      <div class=\"stories__left\">\n        <div class=\"stories__img\">\n          <picture><source srcset=\"https:\/\/www.cairepro.it\/wp-content\/uploads\/2026\/02\/strories-6.webp\" type=\"image\/webp\"><img decoding=\"async\" src=\"https:\/\/www.cairepro.it\/wp-content\/uploads\/2026\/02\/strories-6.jpg\" alt=\"strories-6\" \/><\/picture>        <\/div>\n      <\/div>\n      <div class=\"stories__right\">\n        <span class=\"stories__year\">\n          1986        <\/span>\n        <h2 class=\"stories__title\">\n          Struttura operativa        <\/h2>\n        <div class=\"stories__text\">\n          <p>L\u2019organizzazione si articola in due sezioni dedicate: <em>Urbanistica ed Edilizia<\/em>, potenziando il coordinamento e l\u2019efficienza progettuale. Questa riorganizzazione segna un passaggio chiave verso una gestione pi\u00f9 strutturata dei progetti, rafforzando il dialogo tra competenze e la capacit\u00e0 di affrontare interventi di maggiore complessit\u00e0 e scala.<\/p>\n        <\/div>\n      <\/div>\n    <\/div>\n            <div class=\"stories__item\" data-index=\"6\">\n      <div class=\"stories__left\">\n        <div class=\"stories__img\">\n          <picture><source srcset=\"https:\/\/www.cairepro.it\/wp-content\/uploads\/2026\/02\/stories-7.webp\" type=\"image\/webp\"><img decoding=\"async\" src=\"https:\/\/www.cairepro.it\/wp-content\/uploads\/2026\/02\/stories-7.jpg\" alt=\"stories-7\" \/><\/picture>        <\/div>\n      <\/div>\n      <div class=\"stories__right\">\n        <span class=\"stories__year\">\n          1993        <\/span>\n        <h2 class=\"stories__title\">\n          Cultura e memoria del progetto        <\/h2>\n        <div class=\"stories__text\">\n          <p>In memoria del socio fondatore Osvaldo Piacentini, viene istituito l\u2019Archivio a lui dedicato, fondazione no-profit orientata alla ricerca e alla cultura architettonica, promossa dagli enti locali per preservare l\u2019identit\u00e0 del territorio.<\/p>\n        <\/div>\n      <\/div>\n    <\/div>\n            <div class=\"stories__item\" data-index=\"7\">\n      <div class=\"stories__left\">\n        <div class=\"stories__img\">\n          <picture><source srcset=\"https:\/\/www.cairepro.it\/wp-content\/uploads\/2026\/02\/stories-8.webp\" type=\"image\/webp\"><img decoding=\"async\" src=\"https:\/\/www.cairepro.it\/wp-content\/uploads\/2026\/02\/stories-8.jpg\" alt=\"stories-8\" \/><\/picture>        <\/div>\n      <\/div>\n      <div class=\"stories__right\">\n        <span class=\"stories__year\">\n          2007        <\/span>\n        <h2 class=\"stories__title\">\n          Energia e sostenibilit\u00e0        <\/h2>\n        <div class=\"stories__text\">\n          <p>L\u2019attivit\u00e0 si estende al settore energetico con progetti di trigenerazione e interventi di riqualificazione energetica su edifici complessi. Un settore che entra stabilmente nel target dei lavori CAIREPRO.<\/p>\n        <\/div>\n      <\/div>\n    <\/div>\n            <div class=\"stories__item\" data-index=\"8\">\n      <div class=\"stories__left\">\n        <div class=\"stories__img\">\n          <picture><source srcset=\"https:\/\/www.cairepro.it\/wp-content\/uploads\/2026\/02\/stories-9.webp\" type=\"image\/webp\"><img decoding=\"async\" src=\"https:\/\/www.cairepro.it\/wp-content\/uploads\/2026\/02\/stories-9.jpg\" alt=\"stories-9\" \/><\/picture>        <\/div>\n      <\/div>\n      <div class=\"stories__right\">\n        <span class=\"stories__year\">\n          2018        <\/span>\n        <h2 class=\"stories__title\">\n          Nuova fase internazionale        <\/h2>\n        <div class=\"stories__text\">\n          <p>Viene avviata una nuova fase di sviluppo con la nascita di CAIREAFRICA, societ\u00e0 di diritto senegalese interamente controllata da CAIREPRO, con sede a Dakar. L\u2019apertura segna l\u2019inizio dei primi progetti architettonici in Senegal e in Africa Occidentale e consolida in modo strutturato la presenza internazionale dello studio.<\/p>\n        <\/div>\n      <\/div>\n    <\/div>\n            <div class=\"stories__item\" data-index=\"9\">\n      <div class=\"stories__left\">\n        <div class=\"stories__img\">\n          <picture><source srcset=\"https:\/\/www.cairepro.it\/wp-content\/uploads\/2026\/04\/2025-1.webp\" type=\"image\/webp\"><img decoding=\"async\" src=\"https:\/\/www.cairepro.it\/wp-content\/uploads\/2026\/04\/2025-1.jpg\" alt=\"Societ\u00e0 di Ingegneria\" \/><\/picture>        <\/div>\n      <\/div>\n      <div class=\"stories__right\">\n        <span class=\"stories__year\">\n          2025        <\/span>\n        <h2 class=\"stories__title\">\n          Diventiamo Societ\u00e0 di Ingegneria        <\/h2>\n        <div class=\"stories__text\">\n          <p><span style=\"font-weight: 400;\">L\u2019evoluzione nella forma di Societ\u00e0 di Ingegneria rafforza il ruolo di interlocutore unico, ampliando la capacit\u00e0 di offrire servizi integrati e garantire un presidio tecnico ed economico del progetto lungo tutte le fasi.<\/span><\/p>\n        <\/div>\n      <\/div>\n    <\/div>\n            <div class=\"stories__item\" data-index=\"10\">\n      <div class=\"stories__left\">\n        <div class=\"stories__img\">\n          <picture><source srcset=\"https:\/\/www.cairepro.it\/wp-content\/uploads\/2026\/02\/stories-10.webp\" type=\"image\/webp\"><img decoding=\"async\" src=\"https:\/\/www.cairepro.it\/wp-content\/uploads\/2026\/02\/stories-10.jpg\" alt=\"stories-10\" \/><\/picture>        <\/div>\n      <\/div>\n      <div class=\"stories__right\">\n        <span class=\"stories__year\">\n          Oggi        <\/span>\n        <h2 class=\"stories__title\">\n          Progettazione integrata        <\/h2>\n        <div class=\"stories__text\">\n          <p>CAIREPRO continua a evolvere come struttura multidisciplinare, integrando competenze progettuali, tecnologia e attenzione al contesto, traducendo visioni complesse in progetti architettonici e ingegneristici concreti.<\/p>\n        <\/div>\n      <\/div>\n    <\/div>\n      <\/div>\n<\/section>\n","protected":false},"excerpt":{"rendered":"","protected":false},"author":3,"featured_media":0,"parent":0,"menu_order":0,"comment_status":"closed","ping_status":"closed","template":"","meta":{"_acf_changed":false,"inline_featured_image":false,"footnotes":""},"class_list":["post-10","page","type-page","status-publish","hentry"],"translation":{"provider":"WPGlobus","version":"2.10.10","language":"en","enabled_languages":["it","en","fr"],"languages":{"it":{"title":true,"content":true,"excerpt":false},"en":{"title":false,"content":false,"excerpt":false},"fr":{"title":false,"content":false,"excerpt":false}}},"acf":[],"_links":{"self":[{"href":"https:\/\/www.cairepro.it\/en\/wp-json\/wp\/v2\/pages\/10","targetHints":{"allow":["GET"]}}],"collection":[{"href":"https:\/\/www.cairepro.it\/en\/wp-json\/wp\/v2\/pages"}],"about":[{"href":"https:\/\/www.cairepro.it\/en\/wp-json\/wp\/v2\/types\/page"}],"author":[{"embeddable":true,"href":"https:\/\/www.cairepro.it\/en\/wp-json\/wp\/v2\/users\/3"}],"replies":[{"embeddable":true,"href":"https:\/\/www.cairepro.it\/en\/wp-json\/wp\/v2\/comments?post=10"}],"version-history":[{"count":3,"href":"https:\/\/www.cairepro.it\/en\/wp-json\/wp\/v2\/pages\/10\/revisions"}],"predecessor-version":[{"id":7841,"href":"https:\/\/www.cairepro.it\/en\/wp-json\/wp\/v2\/pages\/10\/revisions\/7841"}],"wp:attachment":[{"href":"https:\/\/www.cairepro.it\/en\/wp-json\/wp\/v2\/media?parent=10"}],"curies":[{"name":"wp","href":"https:\/\/api.w.org\/{rel}","templated":true}]}}